{"id":853,"date":"2025-11-03T16:38:30","date_gmt":"2025-11-03T15:38:30","guid":{"rendered":"https:\/\/bo-co.it\/accessibilita\/"},"modified":"2025-12-17T14:18:22","modified_gmt":"2025-12-17T13:18:22","slug":"accessibilita","status":"publish","type":"page","link":"https:\/\/bo-co.it\/it\/accessibilita\/","title":{"rendered":"Accessibilit\u00e0"},"content":{"rendered":"\t\t<div data-elementor-type=\"wp-page\" data-elementor-id=\"853\" class=\"elementor elementor-853 elementor-192\" data-elementor-post-type=\"page\">\n\t\t\t\t<div class=\"elementor-element elementor-element-5497125 e-flex e-con-boxed e-con e-parent\" data-id=\"5497125\" data-element_type=\"container\" data-e-type=\"container\">\n\t\t\t\t\t<div class=\"e-con-inner\">\n\t\t<div class=\"elementor-element elementor-element-2db91db e-con-full e-flex e-con e-child\" data-id=\"2db91db\" data-element_type=\"container\" data-e-type=\"container\">\n\t\t\t\t<div class=\"elementor-element elementor-element-d1eea15 elementor-widget elementor-widget-image\" data-id=\"d1eea15\" data-element_type=\"widget\" data-e-type=\"widget\" data-widget_type=\"image.default\">\n\t\t\t\t\t\t\t\t\t\t\t\t\t\t\t<img fetchpriority=\"high\" decoding=\"async\" width=\"800\" height=\"904\" src=\"https:\/\/bo-co.it\/wp-content\/uploads\/2025\/11\/arrow-impressum-906x1024.png\" class=\"attachment-large size-large wp-image-858\" alt=\"Geschwungener Pfeil in schwarz\" srcset=\"https:\/\/bo-co.it\/wp-content\/uploads\/2025\/11\/arrow-impressum-906x1024.png 906w, https:\/\/bo-co.it\/wp-content\/uploads\/2025\/11\/arrow-impressum-266x300.png 266w, https:\/\/bo-co.it\/wp-content\/uploads\/2025\/11\/arrow-impressum-768x868.png 768w, https:\/\/bo-co.it\/wp-content\/uploads\/2025\/11\/arrow-impressum.png 1024w\" sizes=\"(max-width: 800px) 100vw, 800px\" \/>\t\t\t\t\t\t\t\t\t\t\t\t\t\t\t<\/div>\n\t\t\t\t<\/div>\n\t\t<div class=\"elementor-element elementor-element-079c0df e-con-full e-flex e-con e-child\" data-id=\"079c0df\" data-element_type=\"container\" data-e-type=\"container\">\n\t\t\t\t<div class=\"elementor-element elementor-element-87533ca elementor-widget elementor-widget-heading\" data-id=\"87533ca\" data-element_type=\"widget\" data-e-type=\"widget\" data-widget_type=\"heading.default\">\n\t\t\t\t\t<h1 class=\"elementor-heading-title elementor-size-default\">Accessibilit\u00e0<\/h1>\t\t\t\t<\/div>\n\t\t\t\t<div class=\"elementor-element elementor-element-a9d6665 elementor-widget elementor-widget-breadcrumbs\" data-id=\"a9d6665\" data-element_type=\"widget\" data-e-type=\"widget\" data-widget_type=\"breadcrumbs.default\">\n\t\t\t\t\t<p id=\"breadcrumbs\"><span><span><a href=\"https:\/\/bo-co.it\/it\/\">Home<\/a><\/span><\/span><\/p>\t\t\t\t<\/div>\n\t\t\t\t<\/div>\n\t\t\t\t\t<\/div>\n\t\t\t\t<\/div>\n\t\t<div class=\"elementor-element elementor-element-cca4139 e-flex e-con-boxed e-con e-parent\" data-id=\"cca4139\" data-element_type=\"container\" data-e-type=\"container\">\n\t\t\t\t\t<div class=\"e-con-inner\">\n\t\t<div class=\"elementor-element elementor-element-00ab0cc e-con-full e-flex e-con e-child\" data-id=\"00ab0cc\" data-element_type=\"container\" data-e-type=\"container\">\n\t\t\t\t<div class=\"elementor-element elementor-element-1fbbd5a elementor-widget elementor-widget-heading\" data-id=\"1fbbd5a\" data-element_type=\"widget\" data-e-type=\"widget\" data-widget_type=\"heading.default\">\n\t\t\t\t\t<h2 class=\"elementor-heading-title elementor-size-default\">Dichiarazione di accessibilit\u00e0<\/h2>\t\t\t\t<\/div>\n\t\t\t\t<div class=\"elementor-element elementor-element-4d295ea elementor-widget elementor-widget-text-editor\" data-id=\"4d295ea\" data-element_type=\"widget\" data-e-type=\"widget\" data-widget_type=\"text-editor.default\">\n\t\t\t\t\t\t\t\t\t<p>Noi di BOCO Borsetto Consulting ci impegniamo a rendere il nostro sito web bo-co.it il pi\u00f9 accessibile possibile, per garantire a tutte le persone \u2013 comprese quelle con disabilit\u00e0 \u2013 un accesso privo di barriere.<\/p>\n\t\t\t\t\t\t\t\t<\/div>\n\t\t\t\t<\/div>\n\t\t<div class=\"elementor-element elementor-element-f7f0548 e-con-full e-flex e-con e-child\" data-id=\"f7f0548\" data-element_type=\"container\" data-e-type=\"container\">\n\t\t\t\t<div class=\"elementor-element elementor-element-135e698 elementor-widget elementor-widget-heading\" data-id=\"135e698\" data-element_type=\"widget\" data-e-type=\"widget\" data-widget_type=\"heading.default\">\n\t\t\t\t\t<h2 class=\"elementor-heading-title elementor-size-default\">Standard di accessibilit\u00e0<\/h2>\t\t\t\t<\/div>\n\t\t\t\t<div class=\"elementor-element elementor-element-f43e6c2 elementor-widget elementor-widget-text-editor\" data-id=\"f43e6c2\" data-element_type=\"widget\" data-e-type=\"widget\" data-widget_type=\"text-editor.default\">\n\t\t\t\t\t\t\t\t\t<p>Il nostro sito si basa sulle normative europee sull\u2019accessibilit\u00e0, in particolare sul European Accessibility Act (EAA) che entrer\u00e0 in vigore il 28 giugno 2025, e sulle Linee guida WCAG 2.1 a livello AA.<\/p>\n\t\t\t\t\t\t\t\t<\/div>\n\t\t\t\t<\/div>\n\t\t<div class=\"elementor-element elementor-element-c15a4b3 e-con-full e-flex e-con e-child\" data-id=\"c15a4b3\" data-element_type=\"container\" data-e-type=\"container\">\n\t\t\t\t<div class=\"elementor-element elementor-element-64a4092 elementor-widget elementor-widget-heading\" data-id=\"64a4092\" data-element_type=\"widget\" data-e-type=\"widget\" data-widget_type=\"heading.default\">\n\t\t\t\t\t<h2 class=\"elementor-heading-title elementor-size-default\">Misure implementate<\/h2>\t\t\t\t<\/div>\n\t\t\t\t<div class=\"elementor-element elementor-element-f4cd7ca elementor-widget elementor-widget-text-editor\" data-id=\"f4cd7ca\" data-element_type=\"widget\" data-e-type=\"widget\" data-widget_type=\"text-editor.default\">\n\t\t\t\t\t\t\t\t\t<ul>\n<li>Navigazione tramite tastiera possibile<\/li>\n<li>Testi alternativi per le immagini forniti<\/li>\n<li>Struttura di titoli (H1, H2, \u2026) utilizzata correttamente<\/li>\n<li>Regolazione dei colori e del contrasto tramite widget di accessibilit\u00e0<\/li>\n<li>Testi chiari e comprensibili, link e pulsanti facilmente riconoscibili<\/li>\n<\/ul>\n\t\t\t\t\t\t\t\t<\/div>\n\t\t\t\t<\/div>\n\t\t<div class=\"elementor-element elementor-element-f36b5c9 e-con-full e-flex e-con e-child\" data-id=\"f36b5c9\" data-element_type=\"container\" data-e-type=\"container\">\n\t\t\t\t<div class=\"elementor-element elementor-element-0023882 elementor-widget elementor-widget-heading\" data-id=\"0023882\" data-element_type=\"widget\" data-e-type=\"widget\" data-widget_type=\"heading.default\">\n\t\t\t\t\t<h2 class=\"elementor-heading-title elementor-size-default\">Contenuti non accessibili<\/h2>\t\t\t\t<\/div>\n\t\t\t\t<div class=\"elementor-element elementor-element-7d074d1 elementor-widget elementor-widget-text-editor\" data-id=\"7d074d1\" data-element_type=\"widget\" data-e-type=\"widget\" data-widget_type=\"text-editor.default\">\n\t\t\t\t\t\t\t\t\t<p>Nonostante i nostri sforzi, alcune aree potrebbero non essere ancora completamente accessibili. Lavoriamo costantemente per migliorare il sito.<\/p>\n\t\t\t\t\t\t\t\t<\/div>\n\t\t\t\t<\/div>\n\t\t<div class=\"elementor-element elementor-element-1d4069b e-con-full e-flex e-con e-child\" data-id=\"1d4069b\" data-element_type=\"container\" data-e-type=\"container\">\n\t\t\t\t<div class=\"elementor-element elementor-element-5283139 elementor-widget elementor-widget-heading\" data-id=\"5283139\" data-element_type=\"widget\" data-e-type=\"widget\" data-widget_type=\"heading.default\">\n\t\t\t\t\t<h2 class=\"elementor-heading-title elementor-size-default\">Feedback e contatti<\/h2>\t\t\t\t<\/div>\n\t\t\t\t<div class=\"elementor-element elementor-element-2872dac elementor-widget elementor-widget-text-editor\" data-id=\"2872dac\" data-element_type=\"widget\" data-e-type=\"widget\" data-widget_type=\"text-editor.default\">\n\t\t\t\t\t\t\t\t\t<p>Se riscontri problemi nell\u2019utilizzo del nostro sito o hai domande sull\u2019accessibilit\u00e0, ti preghiamo di contattarci:<\/p>\n<p>BOCO Borsetto Consulting<br \/>E-Mail:\u00a0<a href=\"mailto:info@marikaborsetto.it\">info@marikaborsetto.it<\/a><\/p>\n<p><strong><br \/>\nData dell\u2019ultima revisione:<\/strong> 17\/12\/2025<\/p>\n<p>&nbsp;<\/p>\n\t\t\t\t\t\t\t\t<\/div>\n\t\t\t\t<\/div>\n\t\t\t\t\t<\/div>\n\t\t\t\t<\/div>\n\t\t\t\t<\/div>\n\t\t","protected":false},"excerpt":{"rendered":"<p>Accessibilit\u00e0 Dichiarazione di accessibilit\u00e0 Noi di BOCO Borsetto Consulting ci impegniamo a rendere il nostro sito web bo-co.it il pi\u00f9 accessibile possibile, per garantire a tutte le persone \u2013 comprese quelle con disabilit\u00e0 \u2013 un accesso privo di barriere. Standard di accessibilit\u00e0 Il nostro sito si basa sulle normative europee sull\u2019accessibilit\u00e0, in particolare sul European [&hellip;]<\/p>\n","protected":false},"author":1,"featured_media":0,"parent":0,"menu_order":0,"comment_status":"closed","ping_status":"closed","template":"elementor_header_footer","meta":{"footnotes":""},"class_list":["post-853","page","type-page","status-publish","hentry"],"yoast_head":"<!-- This site is optimized with the Yoast SEO plugin v27.2 - https:\/\/yoast.com\/product\/yoast-seo-wordpress\/ -->\n<title>Accessibilit\u00e0 - Boco - Borsetto Consulting<\/title>\n<meta name=\"robots\" content=\"index, follow, max-snippet:-1, max-image-preview:large, max-video-preview:-1\" \/>\n<link rel=\"canonical\" href=\"https:\/\/bo-co.it\/it\/accessibilita\/\" \/>\n<meta property=\"og:locale\" content=\"it_IT\" \/>\n<meta property=\"og:type\" content=\"article\" \/>\n<meta property=\"og:title\" content=\"Accessibilit\u00e0 - Boco - Borsetto Consulting\" \/>\n<meta property=\"og:description\" content=\"Accessibilit\u00e0 Dichiarazione di accessibilit\u00e0 Noi di BOCO Borsetto Consulting ci impegniamo a rendere il nostro sito web bo-co.it il pi\u00f9 accessibile possibile, per garantire a tutte le persone \u2013 comprese quelle con disabilit\u00e0 \u2013 un accesso privo di barriere. Standard di accessibilit\u00e0 Il nostro sito si basa sulle normative europee sull\u2019accessibilit\u00e0, in particolare sul European [&hellip;]\" \/>\n<meta property=\"og:url\" content=\"https:\/\/bo-co.it\/it\/accessibilita\/\" \/>\n<meta property=\"og:site_name\" content=\"Boco - Borsetto Consulting\" \/>\n<meta property=\"article:modified_time\" content=\"2025-12-17T13:18:22+00:00\" \/>\n<meta property=\"og:image\" content=\"https:\/\/bo-co.it\/wp-content\/uploads\/2025\/11\/arrow-impressum.png\" \/>\n\t<meta property=\"og:image:width\" content=\"1024\" \/>\n\t<meta property=\"og:image:height\" content=\"1157\" \/>\n\t<meta property=\"og:image:type\" content=\"image\/png\" \/>\n<meta name=\"twitter:card\" content=\"summary_large_image\" \/>\n<meta name=\"twitter:label1\" content=\"Tempo di lettura stimato\" \/>\n\t<meta name=\"twitter:data1\" content=\"1 minuto\" \/>\n<script type=\"application\/ld+json\" class=\"yoast-schema-graph\">{\"@context\":\"https:\/\/schema.org\",\"@graph\":[{\"@type\":\"WebPage\",\"@id\":\"https:\/\/bo-co.it\/it\/accessibilita\/\",\"url\":\"https:\/\/bo-co.it\/it\/accessibilita\/\",\"name\":\"Accessibilit\u00e0 - Boco - Borsetto Consulting\",\"isPartOf\":{\"@id\":\"https:\/\/bo-co.it\/it\/#website\"},\"primaryImageOfPage\":{\"@id\":\"https:\/\/bo-co.it\/it\/accessibilita\/#primaryimage\"},\"image\":{\"@id\":\"https:\/\/bo-co.it\/it\/accessibilita\/#primaryimage\"},\"thumbnailUrl\":\"https:\/\/bo-co.it\/wp-content\/uploads\/2025\/11\/arrow-impressum-906x1024.png\",\"datePublished\":\"2025-11-03T15:38:30+00:00\",\"dateModified\":\"2025-12-17T13:18:22+00:00\",\"breadcrumb\":{\"@id\":\"https:\/\/bo-co.it\/it\/accessibilita\/#breadcrumb\"},\"inLanguage\":\"it-IT\",\"potentialAction\":[{\"@type\":\"ReadAction\",\"target\":[\"https:\/\/bo-co.it\/it\/accessibilita\/\"]}]},{\"@type\":\"ImageObject\",\"inLanguage\":\"it-IT\",\"@id\":\"https:\/\/bo-co.it\/it\/accessibilita\/#primaryimage\",\"url\":\"https:\/\/bo-co.it\/wp-content\/uploads\/2025\/11\/arrow-impressum-906x1024.png\",\"contentUrl\":\"https:\/\/bo-co.it\/wp-content\/uploads\/2025\/11\/arrow-impressum-906x1024.png\"},{\"@type\":\"BreadcrumbList\",\"@id\":\"https:\/\/bo-co.it\/it\/accessibilita\/#breadcrumb\",\"itemListElement\":[{\"@type\":\"ListItem\",\"position\":1,\"name\":\"Home\",\"item\":\"https:\/\/bo-co.it\/it\/\"},{\"@type\":\"ListItem\",\"position\":2,\"name\":\"Accessibilit\u00e0\"}]},{\"@type\":\"WebSite\",\"@id\":\"https:\/\/bo-co.it\/it\/#website\",\"url\":\"https:\/\/bo-co.it\/it\/\",\"name\":\"Boco - Borsetto Consulting\",\"description\":\"Ma\u00dfgeschneiderte unternehmensberatung\",\"publisher\":{\"@id\":\"https:\/\/bo-co.it\/it\/#organization\"},\"alternateName\":\"BOCO Consulting - Marika Borsetto\",\"potentialAction\":[{\"@type\":\"SearchAction\",\"target\":{\"@type\":\"EntryPoint\",\"urlTemplate\":\"https:\/\/bo-co.it\/it\/?s={search_term_string}\"},\"query-input\":{\"@type\":\"PropertyValueSpecification\",\"valueRequired\":true,\"valueName\":\"search_term_string\"}}],\"inLanguage\":\"it-IT\"},{\"@type\":\"Organization\",\"@id\":\"https:\/\/bo-co.it\/it\/#organization\",\"name\":\"Boco - Borsetto Consulting\",\"alternateName\":\"Boco Borsetto Consulting - Marika Borsetto - Bozen S\u00fcdtirol\",\"url\":\"https:\/\/bo-co.it\/it\/\",\"logo\":{\"@type\":\"ImageObject\",\"inLanguage\":\"it-IT\",\"@id\":\"https:\/\/bo-co.it\/it\/#\/schema\/logo\/image\/\",\"url\":\"https:\/\/bo-co.it\/wp-content\/uploads\/2025\/04\/boco-sharing-v1.jpg\",\"contentUrl\":\"https:\/\/bo-co.it\/wp-content\/uploads\/2025\/04\/boco-sharing-v1.jpg\",\"width\":1200,\"height\":631,\"caption\":\"Boco - Borsetto Consulting\"},\"image\":{\"@id\":\"https:\/\/bo-co.it\/it\/#\/schema\/logo\/image\/\"}}]}<\/script>\n<!-- \/ Yoast SEO plugin. -->","yoast_head_json":{"title":"Accessibilit\u00e0 - Boco - Borsetto Consulting","robots":{"index":"index","follow":"follow","max-snippet":"max-snippet:-1","max-image-preview":"max-image-preview:large","max-video-preview":"max-video-preview:-1"},"canonical":"https:\/\/bo-co.it\/it\/accessibilita\/","og_locale":"it_IT","og_type":"article","og_title":"Accessibilit\u00e0 - Boco - Borsetto Consulting","og_description":"Accessibilit\u00e0 Dichiarazione di accessibilit\u00e0 Noi di BOCO Borsetto Consulting ci impegniamo a rendere il nostro sito web bo-co.it il pi\u00f9 accessibile possibile, per garantire a tutte le persone \u2013 comprese quelle con disabilit\u00e0 \u2013 un accesso privo di barriere. Standard di accessibilit\u00e0 Il nostro sito si basa sulle normative europee sull\u2019accessibilit\u00e0, in particolare sul European [&hellip;]","og_url":"https:\/\/bo-co.it\/it\/accessibilita\/","og_site_name":"Boco - Borsetto Consulting","article_modified_time":"2025-12-17T13:18:22+00:00","og_image":[{"width":1024,"height":1157,"url":"https:\/\/bo-co.it\/wp-content\/uploads\/2025\/11\/arrow-impressum.png","type":"image\/png"}],"twitter_card":"summary_large_image","twitter_misc":{"Tempo di lettura stimato":"1 minuto"},"schema":{"@context":"https:\/\/schema.org","@graph":[{"@type":"WebPage","@id":"https:\/\/bo-co.it\/it\/accessibilita\/","url":"https:\/\/bo-co.it\/it\/accessibilita\/","name":"Accessibilit\u00e0 - Boco - Borsetto Consulting","isPartOf":{"@id":"https:\/\/bo-co.it\/it\/#website"},"primaryImageOfPage":{"@id":"https:\/\/bo-co.it\/it\/accessibilita\/#primaryimage"},"image":{"@id":"https:\/\/bo-co.it\/it\/accessibilita\/#primaryimage"},"thumbnailUrl":"https:\/\/bo-co.it\/wp-content\/uploads\/2025\/11\/arrow-impressum-906x1024.png","datePublished":"2025-11-03T15:38:30+00:00","dateModified":"2025-12-17T13:18:22+00:00","breadcrumb":{"@id":"https:\/\/bo-co.it\/it\/accessibilita\/#breadcrumb"},"inLanguage":"it-IT","potentialAction":[{"@type":"ReadAction","target":["https:\/\/bo-co.it\/it\/accessibilita\/"]}]},{"@type":"ImageObject","inLanguage":"it-IT","@id":"https:\/\/bo-co.it\/it\/accessibilita\/#primaryimage","url":"https:\/\/bo-co.it\/wp-content\/uploads\/2025\/11\/arrow-impressum-906x1024.png","contentUrl":"https:\/\/bo-co.it\/wp-content\/uploads\/2025\/11\/arrow-impressum-906x1024.png"},{"@type":"BreadcrumbList","@id":"https:\/\/bo-co.it\/it\/accessibilita\/#breadcrumb","itemListElement":[{"@type":"ListItem","position":1,"name":"Home","item":"https:\/\/bo-co.it\/it\/"},{"@type":"ListItem","position":2,"name":"Accessibilit\u00e0"}]},{"@type":"WebSite","@id":"https:\/\/bo-co.it\/it\/#website","url":"https:\/\/bo-co.it\/it\/","name":"Boco - Borsetto Consulting","description":"Ma\u00dfgeschneiderte unternehmensberatung","publisher":{"@id":"https:\/\/bo-co.it\/it\/#organization"},"alternateName":"BOCO Consulting - Marika Borsetto","potentialAction":[{"@type":"SearchAction","target":{"@type":"EntryPoint","urlTemplate":"https:\/\/bo-co.it\/it\/?s={search_term_string}"},"query-input":{"@type":"PropertyValueSpecification","valueRequired":true,"valueName":"search_term_string"}}],"inLanguage":"it-IT"},{"@type":"Organization","@id":"https:\/\/bo-co.it\/it\/#organization","name":"Boco - Borsetto Consulting","alternateName":"Boco Borsetto Consulting - Marika Borsetto - Bozen S\u00fcdtirol","url":"https:\/\/bo-co.it\/it\/","logo":{"@type":"ImageObject","inLanguage":"it-IT","@id":"https:\/\/bo-co.it\/it\/#\/schema\/logo\/image\/","url":"https:\/\/bo-co.it\/wp-content\/uploads\/2025\/04\/boco-sharing-v1.jpg","contentUrl":"https:\/\/bo-co.it\/wp-content\/uploads\/2025\/04\/boco-sharing-v1.jpg","width":1200,"height":631,"caption":"Boco - Borsetto Consulting"},"image":{"@id":"https:\/\/bo-co.it\/it\/#\/schema\/logo\/image\/"}}]}},"_links":{"self":[{"href":"https:\/\/bo-co.it\/it\/wp-json\/wp\/v2\/pages\/853","targetHints":{"allow":["GET"]}}],"collection":[{"href":"https:\/\/bo-co.it\/it\/wp-json\/wp\/v2\/pages"}],"about":[{"href":"https:\/\/bo-co.it\/it\/wp-json\/wp\/v2\/types\/page"}],"author":[{"embeddable":true,"href":"https:\/\/bo-co.it\/it\/wp-json\/wp\/v2\/users\/1"}],"replies":[{"embeddable":true,"href":"https:\/\/bo-co.it\/it\/wp-json\/wp\/v2\/comments?post=853"}],"version-history":[{"count":0,"href":"https:\/\/bo-co.it\/it\/wp-json\/wp\/v2\/pages\/853\/revisions"}],"wp:attachment":[{"href":"https:\/\/bo-co.it\/it\/wp-json\/wp\/v2\/media?parent=853"}],"curies":[{"name":"wp","href":"https:\/\/api.w.org\/{rel}","templated":true}]}}