{"id":847,"date":"2025-11-03T16:36:30","date_gmt":"2025-11-03T15:36:30","guid":{"rendered":"https:\/\/bo-co.it\/valori\/"},"modified":"2025-12-19T14:23:20","modified_gmt":"2025-12-19T13:23:20","slug":"valori","status":"publish","type":"page","link":"https:\/\/bo-co.it\/it\/valori\/","title":{"rendered":"Valori"},"content":{"rendered":"\t\t<div data-elementor-type=\"wp-page\" data-elementor-id=\"847\" class=\"elementor elementor-847 elementor-174\" data-elementor-post-type=\"page\">\n\t\t\t\t<div class=\"elementor-element elementor-element-6ae9ee9 e-flex e-con-boxed e-con e-parent\" data-id=\"6ae9ee9\" data-element_type=\"container\" data-e-type=\"container\">\n\t\t\t\t\t<div class=\"e-con-inner\">\n\t\t<div class=\"elementor-element elementor-element-eb63906 e-con-full e-flex e-con e-child\" data-id=\"eb63906\" data-element_type=\"container\" data-e-type=\"container\">\n\t\t\t\t<div class=\"elementor-element elementor-element-ecb46a6 elementor-widget elementor-widget-image\" data-id=\"ecb46a6\" data-element_type=\"widget\" data-e-type=\"widget\" data-widget_type=\"image.default\">\n\t\t\t\t\t\t\t\t\t\t\t\t\t\t\t<img fetchpriority=\"high\" decoding=\"async\" width=\"800\" height=\"488\" src=\"https:\/\/bo-co.it\/wp-content\/uploads\/2025\/11\/arrow-wertehaltung.png\" class=\"attachment-large size-large wp-image-822\" alt=\"Freccia curva nera\" srcset=\"https:\/\/bo-co.it\/wp-content\/uploads\/2025\/11\/arrow-wertehaltung.png 1024w, https:\/\/bo-co.it\/wp-content\/uploads\/2025\/11\/arrow-wertehaltung-300x183.png 300w, https:\/\/bo-co.it\/wp-content\/uploads\/2025\/11\/arrow-wertehaltung-768x468.png 768w\" sizes=\"(max-width: 800px) 100vw, 800px\" \/>\t\t\t\t\t\t\t\t\t\t\t\t\t\t\t<\/div>\n\t\t\t\t<\/div>\n\t\t<div class=\"elementor-element elementor-element-85a7820 e-con-full e-flex e-con e-child\" data-id=\"85a7820\" data-element_type=\"container\" data-e-type=\"container\">\n\t\t\t\t<div class=\"elementor-element elementor-element-d5cd78c elementor-widget elementor-widget-breadcrumbs\" data-id=\"d5cd78c\" data-element_type=\"widget\" data-e-type=\"widget\" data-widget_type=\"breadcrumbs.default\">\n\t\t\t\t\t<p id=\"breadcrumbs\"><span><span><a href=\"https:\/\/bo-co.it\/it\/\">Home<\/a><\/span><\/span><\/p>\t\t\t\t<\/div>\n\t\t\t\t<div class=\"elementor-element elementor-element-92b16bc elementor-widget elementor-widget-heading\" data-id=\"92b16bc\" data-element_type=\"widget\" data-e-type=\"widget\" data-widget_type=\"heading.default\">\n\t\t\t\t\t<h1 class=\"elementor-heading-title elementor-size-default\">I nostri valori<\/h1>\t\t\t\t<\/div>\n\t\t\t\t<div class=\"elementor-element elementor-element-98bc2c8 elementor-widget elementor-widget-heading\" data-id=\"98bc2c8\" data-element_type=\"widget\" data-e-type=\"widget\" data-widget_type=\"heading.default\">\n\t\t\t\t\t<p class=\"elementor-heading-title elementor-size-default\">Dal \u201ccambiare l\u2019organizzazione\u201d al \u201corganizzare il cambiamento\u201d (secondo Friedrich Glasl)<\/p>\t\t\t\t<\/div>\n\t\t\t\t<div class=\"elementor-element elementor-element-9ba279c elementor-widget elementor-widget-text-editor\" data-id=\"9ba279c\" data-element_type=\"widget\" data-e-type=\"widget\" data-widget_type=\"text-editor.default\">\n\t\t\t\t\t\t\t\t\t<p>L\u2019approccio di Marika Borsetto non mira a \u201ccambiare l\u2019organizzazione\u201d, ma a supportare le aziende nel progettare il cambiamento secondo criteri chiari e in linea con i propri valori, organizzandolo insieme ai collaboratori e ai leader coinvolti. L\u2019organizzazione, nel tempo, tende a trasformarsi spontaneamente, talvolta in modo pi\u00f9 profondo di quanto inizialmente previsto.<\/p>\n\t\t\t\t\t\t\t\t<\/div>\n\t\t\t\t<\/div>\n\t\t\t\t\t<\/div>\n\t\t\t\t<\/div>\n\t\t<div class=\"elementor-element elementor-element-8df8141 e-con-full e-flex e-con e-parent\" data-id=\"8df8141\" data-element_type=\"container\" data-e-type=\"container\">\n\t\t\t\t<div class=\"elementor-element elementor-element-ccd61b0 elementor-widget elementor-widget-image\" data-id=\"ccd61b0\" data-element_type=\"widget\" data-e-type=\"widget\" data-widget_type=\"image.default\">\n\t\t\t\t\t\t\t\t\t\t\t\t\t\t\t<img decoding=\"async\" width=\"2048\" height=\"1366\" src=\"https:\/\/bo-co.it\/wp-content\/uploads\/2025\/12\/\ufffc_K2A8675-web-\u00a9freiundzeit-e1766150228552.jpg\" class=\"attachment-full size-full wp-image-925\" alt=\"Marika Borsetto \u00e8 seduta a un tavolo e conduce un colloquio personale con una donna in un\u2019atmosfera tranquilla\" \/>\t\t\t\t\t\t\t\t\t\t\t\t\t\t\t<\/div>\n\t\t\t\t<\/div>\n\t\t<div class=\"elementor-element elementor-element-f146975 e-flex e-con-boxed e-con e-parent\" data-id=\"f146975\" data-element_type=\"container\" data-e-type=\"container\">\n\t\t\t\t\t<div class=\"e-con-inner\">\n\t\t\t\t<div class=\"elementor-element elementor-element-161c762 elementor-widget elementor-widget-heading\" data-id=\"161c762\" data-element_type=\"widget\" data-e-type=\"widget\" data-widget_type=\"heading.default\">\n\t\t\t\t\t<div class=\"elementor-heading-title elementor-size-default\">\"Vivere questa forza innovativa liberata \u00e8 per noi ogni volta fonte di fascino e ci riempie di ammirazione \u2013 e anche di umilt\u00e0.\"<\/div>\t\t\t\t<\/div>\n\t\t<div class=\"elementor-element elementor-element-9e914cf e-con-full e-flex e-con e-child\" data-id=\"9e914cf\" data-element_type=\"container\" data-e-type=\"container\">\n\t\t\t\t<div class=\"elementor-element elementor-element-9a6bfe2 elementor-widget elementor-widget-heading\" data-id=\"9a6bfe2\" data-element_type=\"widget\" data-e-type=\"widget\" data-widget_type=\"heading.default\">\n\t\t\t\t\t<span class=\"elementor-heading-title elementor-size-default\">Marika Borsetto<\/span>\t\t\t\t<\/div>\n\t\t\t\t<div class=\"elementor-element elementor-element-49be329 elementor-widget elementor-widget-heading\" data-id=\"49be329\" data-element_type=\"widget\" data-e-type=\"widget\" data-widget_type=\"heading.default\">\n\t\t\t\t\t<span class=\"elementor-heading-title elementor-size-default\">Marika Borsetto, sviluppatrice organizzativa sistemica e coach<\/span>\t\t\t\t<\/div>\n\t\t\t\t<\/div>\n\t\t\t\t\t<\/div>\n\t\t\t\t<\/div>\n\t\t<div class=\"elementor-element elementor-element-9bc8118 e-flex e-con-boxed e-con e-parent\" data-id=\"9bc8118\" data-element_type=\"container\" data-e-type=\"container\">\n\t\t\t\t\t<div class=\"e-con-inner\">\n\t\t<div class=\"elementor-element elementor-element-64c8710 e-con-full e-flex e-con e-child\" data-id=\"64c8710\" data-element_type=\"container\" data-e-type=\"container\">\n\t\t\t\t<div class=\"elementor-element elementor-element-bc24edd elementor-widget elementor-widget-heading\" data-id=\"bc24edd\" data-element_type=\"widget\" data-e-type=\"widget\" data-widget_type=\"heading.default\">\n\t\t\t\t\t<h2 class=\"elementor-heading-title elementor-size-default\">Comprendere e gestire la complessit\u00e0<\/h2>\t\t\t\t<\/div>\n\t\t\t\t<div class=\"elementor-element elementor-element-5c96e90 elementor-widget elementor-widget-text-editor\" data-id=\"5c96e90\" data-element_type=\"widget\" data-e-type=\"widget\" data-widget_type=\"text-editor.default\">\n\t\t\t\t\t\t\t\t\t<p>La complessit\u00e0 \u00e8 un elemento caratterizzante del nostro tempo, con cui \u00e8 necessario imparare a confrontarsi. \u00c8 una risorsa che cerchiamo di comprendere e valorizzare. Il pensiero sistemico considera la complessit\u00e0, la diversit\u00e0 e la dinamicit\u00e0 come punti di forza o come risorse.<br \/>Per Marika Borsetto, la consulenza sistemica significa creare orientamento in questa molteplicit\u00e0, rendere la complessit\u00e0 leggibile e decifrare le interconnessioni. Questo permette di individuare un percorso adatto all\u2019organizzazione e di rafforzarla, operando efficacemente in questo contesto dinamico.<\/p>\n\t\t\t\t\t\t\t\t<\/div>\n\t\t\t\t<\/div>\n\t\t\t\t\t<\/div>\n\t\t\t\t<\/div>\n\t\t<div class=\"elementor-element elementor-element-fb7791b e-flex e-con-boxed e-con e-parent\" data-id=\"fb7791b\" data-element_type=\"container\" data-e-type=\"container\">\n\t\t\t\t\t<div class=\"e-con-inner\">\n\t\t\t\t<div class=\"elementor-element elementor-element-1876af8 elementor-widget elementor-widget-heading\" data-id=\"1876af8\" data-element_type=\"widget\" data-e-type=\"widget\" data-widget_type=\"heading.default\">\n\t\t\t\t\t<div class=\"elementor-heading-title elementor-size-default\">\u201cPer noi, fare consulenza significa entrare in questa rete di relazioni, significati e forze con curiosit\u00e0, passione e attenzione, con la fiducia che la chiarezza nascer\u00e0 guardando attentamente e che lo sviluppo avverr\u00e0 percorrendo la strada\u201d<\/div>\t\t\t\t<\/div>\n\t\t<div class=\"elementor-element elementor-element-8864d48 e-con-full e-flex e-con e-child\" data-id=\"8864d48\" data-element_type=\"container\" data-e-type=\"container\">\n\t\t\t\t<div class=\"elementor-element elementor-element-80063b7 elementor-widget elementor-widget-heading\" data-id=\"80063b7\" data-element_type=\"widget\" data-e-type=\"widget\" data-widget_type=\"heading.default\">\n\t\t\t\t\t<span class=\"elementor-heading-title elementor-size-default\">Marika Borsetto<\/span>\t\t\t\t<\/div>\n\t\t\t\t<div class=\"elementor-element elementor-element-b966b7b elementor-widget elementor-widget-heading\" data-id=\"b966b7b\" data-element_type=\"widget\" data-e-type=\"widget\" data-widget_type=\"heading.default\">\n\t\t\t\t\t<span class=\"elementor-heading-title elementor-size-default\">Titolare di BOCO Borsetto Consulting<\/span>\t\t\t\t<\/div>\n\t\t\t\t<\/div>\n\t\t\t\t\t<\/div>\n\t\t\t\t<\/div>\n\t\t<div class=\"elementor-element elementor-element-3fac6c7 e-flex e-con-boxed e-con e-parent\" data-id=\"3fac6c7\" data-element_type=\"container\" data-e-type=\"container\">\n\t\t\t\t\t<div class=\"e-con-inner\">\n\t\t<div class=\"elementor-element elementor-element-a1c7207 e-con-full e-flex e-con e-child\" data-id=\"a1c7207\" data-element_type=\"container\" data-e-type=\"container\">\n\t\t\t\t<div class=\"elementor-element elementor-element-9b55e40 elementor-widget elementor-widget-heading\" data-id=\"9b55e40\" data-element_type=\"widget\" data-e-type=\"widget\" data-widget_type=\"heading.default\">\n\t\t\t\t\t<h2 class=\"elementor-heading-title elementor-size-default\">Progettare la comunicazione. Rendere possibile lo sviluppo.<\/h2>\t\t\t\t<\/div>\n\t\t\t\t<div class=\"elementor-element elementor-element-28132e2 elementor-widget elementor-widget-text-editor\" data-id=\"28132e2\" data-element_type=\"widget\" data-e-type=\"widget\" data-widget_type=\"text-editor.default\">\n\t\t\t\t\t\t\t\t\t<p>Una buona comunicazione crea un clima di sicurezza, rende possibile la collaborazione e ha un impatto che va ben oltre le singole misure: la comunicazione \u00e8 considerata uno strumento centrale di progettazione all\u2019interno delle organizzazioni. Lo sviluppo di una cultura comunicativa solida rappresenta per noi la base della resilienza, della leadership e dell\u2019apprendimento condiviso.<\/p>\n<p>Nei dialoghi vengono chiariti i concetti, rispecchiate le diverse prospettive, rese comprensibili le posizioni e individuato un percorso comune che parte da questi punti di vista differenti e consente l\u2019evoluzione. I problemi e i conflitti vengono affrontati e risolti. La crescita condivisa diventa possibile.<\/p>\n<p>Formazioni, workshop e processi di consulenza sono concepiti come spazi di pensiero e di dialogo in cui possono emergere nuove prospettive. Le tecniche di visualizzazione aiutano a rendere tangibili le immagini interiori, a chiarire i punti di vista e a rendere visibile ci\u00f2 che unisce. Lo sviluppo richiede un contesto strutturato e facilitato. Apertura e riflessione autentica sono il terreno fertile per un cambiamento riuscito.<\/p>\n\t\t\t\t\t\t\t\t<\/div>\n\t\t\t\t<\/div>\n\t\t\t\t\t<\/div>\n\t\t\t\t<\/div>\n\t\t<div class=\"elementor-element elementor-element-177c337 e-flex e-con-boxed e-con e-parent\" data-id=\"177c337\" data-element_type=\"container\" data-e-type=\"container\">\n\t\t\t\t\t<div class=\"e-con-inner\">\n\t\t\t\t<div class=\"elementor-element elementor-element-c88f012 elementor-widget elementor-widget-heading\" data-id=\"c88f012\" data-element_type=\"widget\" data-e-type=\"widget\" data-widget_type=\"heading.default\">\n\t\t\t\t\t<div class=\"elementor-heading-title elementor-size-default\">\"L\u2019atteggiamento si manifesta nel modo in cui si pongono le domande, si riconoscono le connessioni e si aprono possibilit\u00e0.\"<\/div>\t\t\t\t<\/div>\n\t\t\t\t\t<\/div>\n\t\t\t\t<\/div>\n\t\t<div class=\"elementor-element elementor-element-5eda2532 e-flex e-con-boxed e-con e-parent\" data-id=\"5eda2532\" data-element_type=\"container\" data-e-type=\"container\">\n\t\t\t\t\t<div class=\"e-con-inner\">\n\t\t<div class=\"elementor-element elementor-element-34914af0 e-con-full e-flex e-con e-child\" data-id=\"34914af0\" data-element_type=\"container\" data-e-type=\"container\">\n\t\t\t\t<div class=\"elementor-element elementor-element-47ab8cb2 elementor-widget elementor-widget-heading\" data-id=\"47ab8cb2\" data-element_type=\"widget\" data-e-type=\"widget\" data-widget_type=\"heading.default\">\n\t\t\t\t\t<h2 class=\"elementor-heading-title elementor-size-default\">Colloquio conoscitivo senza impegno<\/h2>\t\t\t\t<\/div>\n\t\t\t\t<div class=\"elementor-element elementor-element-44317701 elementor-widget elementor-widget-text-editor\" data-id=\"44317701\" data-element_type=\"widget\" data-e-type=\"widget\" data-widget_type=\"text-editor.default\">\n\t\t\t\t\t\t\t\t\t<p>Vi invitiamo volentieri a conoscerci. Potete discutere con noi in modo riservato e senza impegno le vostre tematiche. Insieme possiamo delineare la quantit\u00e0 e i metodi degli interventi, offrendovi un quadro chiaro delle possibilit\u00e0.<\/p>\n\t\t\t\t\t\t\t\t<\/div>\n\t\t\t\t<div class=\"elementor-element elementor-element-c9d65a3 elementor-align-center elementor-widget elementor-widget-button\" data-id=\"c9d65a3\" data-element_type=\"widget\" data-e-type=\"widget\" data-widget_type=\"button.default\">\n\t\t\t\t\t\t\t\t\t\t<a class=\"elementor-button elementor-button-link elementor-size-sm elementor-animation-grow\" href=\"https:\/\/bo-co.it\/it\/contatti\/\">\n\t\t\t\t\t\t<span class=\"elementor-button-content-wrapper\">\n\t\t\t\t\t\t<span class=\"elementor-button-icon\">\n\t\t\t\t<svg xmlns=\"http:\/\/www.w3.org\/2000\/svg\" width=\"88\" height=\"26\" viewBox=\"0 0 88 26\" fill=\"none\"><path d=\"M82.4641 0L78.8513 0.929874L82.5899 15.8079C70.3856 7.96774 57.3905 4.6676 43.8922 6.01683C42.7418 6.12623 41.6814 6.30856 40.7108 6.54558C24.8399 0.437588 8.53758 6.83731 0 15.4979L2.64216 18.1781C9.65196 11.0673 22.4493 5.63394 35.4624 8.84292C32.5507 10.9397 31.4902 13.8205 31.598 16.3184C31.8137 20.8401 35.732 24.2496 40.7108 24.2496C44.7729 24.2496 48.116 21.5877 48.835 17.7952C49.2843 15.3885 48.6373 12.2342 45.9232 9.64516C58.2173 8.78822 70.0441 12.0701 81.2059 19.3997L65.317 22.2805L65.982 26L88 22.007L82.482 0.0182328L82.4641 0ZM45.1683 17.0659C44.8448 18.7616 43.335 20.4572 40.6928 20.4572C37.2958 20.4572 35.4085 18.2693 35.3007 16.1178C35.2108 14.1487 36.5768 11.7784 40.4592 10.5203C44.4673 12.3254 45.5278 15.0603 45.1503 17.0477L45.1683 17.0659Z\" fill=\"white\"><\/path><\/svg>\t\t\t<\/span>\n\t\t\t\t\t\t\t\t\t<span class=\"elementor-button-text\">Contatti<\/span>\n\t\t\t\t\t<\/span>\n\t\t\t\t\t<\/a>\n\t\t\t\t\t\t\t\t<\/div>\n\t\t\t\t<\/div>\n\t\t\t\t\t<\/div>\n\t\t\t\t<\/div>\n\t\t\t\t<\/div>\n\t\t","protected":false},"excerpt":{"rendered":"<p>I nostri valori Dal \u201ccambiare l\u2019organizzazione\u201d al \u201corganizzare il cambiamento\u201d (secondo Friedrich Glasl) L\u2019approccio di Marika Borsetto non mira a \u201ccambiare l\u2019organizzazione\u201d, ma a supportare le aziende nel progettare il cambiamento secondo criteri chiari e in linea con i propri valori, organizzandolo insieme ai collaboratori e ai leader coinvolti. L\u2019organizzazione, nel tempo, tende a trasformarsi [&hellip;]<\/p>\n","protected":false},"author":1,"featured_media":818,"parent":0,"menu_order":0,"comment_status":"closed","ping_status":"closed","template":"","meta":{"footnotes":""},"class_list":["post-847","page","type-page","status-publish","has-post-thumbnail","hentry"],"yoast_head":"<!-- This site is optimized with the Yoast SEO plugin v27.2 - https:\/\/yoast.com\/product\/yoast-seo-wordpress\/ -->\n<title>Valori \u2013 Consulenza sistemica | BOCO<\/title>\n<meta name=\"description\" content=\"Valori, visione e approccio sistemico alla base della consulenza e dello sviluppo organizzativo di BOCO Borsetto Consulting.\" \/>\n<meta name=\"robots\" content=\"index, follow, max-snippet:-1, max-image-preview:large, max-video-preview:-1\" \/>\n<link rel=\"canonical\" href=\"https:\/\/bo-co.it\/it\/valori\/\" \/>\n<meta property=\"og:locale\" content=\"it_IT\" \/>\n<meta property=\"og:type\" content=\"article\" \/>\n<meta property=\"og:title\" content=\"Valori \u2013 Consulenza sistemica | BOCO\" \/>\n<meta property=\"og:description\" content=\"Valori, visione e approccio sistemico alla base della consulenza e dello sviluppo organizzativo di BOCO Borsetto Consulting.\" \/>\n<meta property=\"og:url\" content=\"https:\/\/bo-co.it\/it\/valori\/\" \/>\n<meta property=\"og:site_name\" content=\"Boco - Borsetto Consulting\" \/>\n<meta property=\"article:modified_time\" content=\"2025-12-19T13:23:20+00:00\" \/>\n<meta property=\"og:image\" content=\"https:\/\/bo-co.it\/wp-content\/uploads\/2025\/04\/boco-sharing-v1.jpg\" \/>\n\t<meta property=\"og:image:width\" content=\"1200\" \/>\n\t<meta property=\"og:image:height\" content=\"631\" \/>\n\t<meta property=\"og:image:type\" content=\"image\/jpeg\" \/>\n<meta name=\"twitter:card\" content=\"summary_large_image\" \/>\n<meta name=\"twitter:label1\" content=\"Tempo di lettura stimato\" \/>\n\t<meta name=\"twitter:data1\" content=\"2 minuti\" \/>\n<script type=\"application\/ld+json\" class=\"yoast-schema-graph\">{\"@context\":\"https:\/\/schema.org\",\"@graph\":[{\"@type\":\"WebPage\",\"@id\":\"https:\/\/bo-co.it\/it\/valori\/\",\"url\":\"https:\/\/bo-co.it\/it\/valori\/\",\"name\":\"Valori \u2013 Consulenza sistemica | BOCO\",\"isPartOf\":{\"@id\":\"https:\/\/bo-co.it\/it\/#website\"},\"primaryImageOfPage\":{\"@id\":\"https:\/\/bo-co.it\/it\/valori\/#primaryimage\"},\"image\":{\"@id\":\"https:\/\/bo-co.it\/it\/valori\/#primaryimage\"},\"thumbnailUrl\":\"https:\/\/bo-co.it\/wp-content\/uploads\/2025\/04\/boco-sharing-v1.jpg\",\"datePublished\":\"2025-11-03T15:36:30+00:00\",\"dateModified\":\"2025-12-19T13:23:20+00:00\",\"description\":\"Valori, visione e approccio sistemico alla base della consulenza e dello sviluppo organizzativo di BOCO Borsetto Consulting.\",\"breadcrumb\":{\"@id\":\"https:\/\/bo-co.it\/it\/valori\/#breadcrumb\"},\"inLanguage\":\"it-IT\",\"potentialAction\":[{\"@type\":\"ReadAction\",\"target\":[\"https:\/\/bo-co.it\/it\/valori\/\"]}]},{\"@type\":\"ImageObject\",\"inLanguage\":\"it-IT\",\"@id\":\"https:\/\/bo-co.it\/it\/valori\/#primaryimage\",\"url\":\"https:\/\/bo-co.it\/wp-content\/uploads\/2025\/04\/boco-sharing-v1.jpg\",\"contentUrl\":\"https:\/\/bo-co.it\/wp-content\/uploads\/2025\/04\/boco-sharing-v1.jpg\",\"width\":1200,\"height\":631,\"caption\":\"Boco Borsetto Consulting - Marika Borsetto - Logo\"},{\"@type\":\"BreadcrumbList\",\"@id\":\"https:\/\/bo-co.it\/it\/valori\/#breadcrumb\",\"itemListElement\":[{\"@type\":\"ListItem\",\"position\":1,\"name\":\"Home\",\"item\":\"https:\/\/bo-co.it\/it\/\"},{\"@type\":\"ListItem\",\"position\":2,\"name\":\"Valori\"}]},{\"@type\":\"WebSite\",\"@id\":\"https:\/\/bo-co.it\/it\/#website\",\"url\":\"https:\/\/bo-co.it\/it\/\",\"name\":\"Boco - Borsetto Consulting\",\"description\":\"Ma\u00dfgeschneiderte unternehmensberatung\",\"publisher\":{\"@id\":\"https:\/\/bo-co.it\/it\/#organization\"},\"alternateName\":\"BOCO Consulting - Marika Borsetto\",\"potentialAction\":[{\"@type\":\"SearchAction\",\"target\":{\"@type\":\"EntryPoint\",\"urlTemplate\":\"https:\/\/bo-co.it\/it\/?s={search_term_string}\"},\"query-input\":{\"@type\":\"PropertyValueSpecification\",\"valueRequired\":true,\"valueName\":\"search_term_string\"}}],\"inLanguage\":\"it-IT\"},{\"@type\":\"Organization\",\"@id\":\"https:\/\/bo-co.it\/it\/#organization\",\"name\":\"Boco - Borsetto Consulting\",\"alternateName\":\"Boco Borsetto Consulting - Marika Borsetto - Bozen S\u00fcdtirol\",\"url\":\"https:\/\/bo-co.it\/it\/\",\"logo\":{\"@type\":\"ImageObject\",\"inLanguage\":\"it-IT\",\"@id\":\"https:\/\/bo-co.it\/it\/#\/schema\/logo\/image\/\",\"url\":\"https:\/\/bo-co.it\/wp-content\/uploads\/2025\/04\/boco-sharing-v1.jpg\",\"contentUrl\":\"https:\/\/bo-co.it\/wp-content\/uploads\/2025\/04\/boco-sharing-v1.jpg\",\"width\":1200,\"height\":631,\"caption\":\"Boco - Borsetto Consulting\"},\"image\":{\"@id\":\"https:\/\/bo-co.it\/it\/#\/schema\/logo\/image\/\"}}]}<\/script>\n<!-- \/ Yoast SEO plugin. -->","yoast_head_json":{"title":"Valori \u2013 Consulenza sistemica | BOCO","description":"Valori, visione e approccio sistemico alla base della consulenza e dello sviluppo organizzativo di BOCO Borsetto Consulting.","robots":{"index":"index","follow":"follow","max-snippet":"max-snippet:-1","max-image-preview":"max-image-preview:large","max-video-preview":"max-video-preview:-1"},"canonical":"https:\/\/bo-co.it\/it\/valori\/","og_locale":"it_IT","og_type":"article","og_title":"Valori \u2013 Consulenza sistemica | BOCO","og_description":"Valori, visione e approccio sistemico alla base della consulenza e dello sviluppo organizzativo di BOCO Borsetto Consulting.","og_url":"https:\/\/bo-co.it\/it\/valori\/","og_site_name":"Boco - Borsetto Consulting","article_modified_time":"2025-12-19T13:23:20+00:00","og_image":[{"width":1200,"height":631,"url":"https:\/\/bo-co.it\/wp-content\/uploads\/2025\/04\/boco-sharing-v1.jpg","type":"image\/jpeg"}],"twitter_card":"summary_large_image","twitter_misc":{"Tempo di lettura stimato":"2 minuti"},"schema":{"@context":"https:\/\/schema.org","@graph":[{"@type":"WebPage","@id":"https:\/\/bo-co.it\/it\/valori\/","url":"https:\/\/bo-co.it\/it\/valori\/","name":"Valori \u2013 Consulenza sistemica | BOCO","isPartOf":{"@id":"https:\/\/bo-co.it\/it\/#website"},"primaryImageOfPage":{"@id":"https:\/\/bo-co.it\/it\/valori\/#primaryimage"},"image":{"@id":"https:\/\/bo-co.it\/it\/valori\/#primaryimage"},"thumbnailUrl":"https:\/\/bo-co.it\/wp-content\/uploads\/2025\/04\/boco-sharing-v1.jpg","datePublished":"2025-11-03T15:36:30+00:00","dateModified":"2025-12-19T13:23:20+00:00","description":"Valori, visione e approccio sistemico alla base della consulenza e dello sviluppo organizzativo di BOCO Borsetto Consulting.","breadcrumb":{"@id":"https:\/\/bo-co.it\/it\/valori\/#breadcrumb"},"inLanguage":"it-IT","potentialAction":[{"@type":"ReadAction","target":["https:\/\/bo-co.it\/it\/valori\/"]}]},{"@type":"ImageObject","inLanguage":"it-IT","@id":"https:\/\/bo-co.it\/it\/valori\/#primaryimage","url":"https:\/\/bo-co.it\/wp-content\/uploads\/2025\/04\/boco-sharing-v1.jpg","contentUrl":"https:\/\/bo-co.it\/wp-content\/uploads\/2025\/04\/boco-sharing-v1.jpg","width":1200,"height":631,"caption":"Boco Borsetto Consulting - Marika Borsetto - Logo"},{"@type":"BreadcrumbList","@id":"https:\/\/bo-co.it\/it\/valori\/#breadcrumb","itemListElement":[{"@type":"ListItem","position":1,"name":"Home","item":"https:\/\/bo-co.it\/it\/"},{"@type":"ListItem","position":2,"name":"Valori"}]},{"@type":"WebSite","@id":"https:\/\/bo-co.it\/it\/#website","url":"https:\/\/bo-co.it\/it\/","name":"Boco - Borsetto Consulting","description":"Ma\u00dfgeschneiderte unternehmensberatung","publisher":{"@id":"https:\/\/bo-co.it\/it\/#organization"},"alternateName":"BOCO Consulting - Marika Borsetto","potentialAction":[{"@type":"SearchAction","target":{"@type":"EntryPoint","urlTemplate":"https:\/\/bo-co.it\/it\/?s={search_term_string}"},"query-input":{"@type":"PropertyValueSpecification","valueRequired":true,"valueName":"search_term_string"}}],"inLanguage":"it-IT"},{"@type":"Organization","@id":"https:\/\/bo-co.it\/it\/#organization","name":"Boco - Borsetto Consulting","alternateName":"Boco Borsetto Consulting - Marika Borsetto - Bozen S\u00fcdtirol","url":"https:\/\/bo-co.it\/it\/","logo":{"@type":"ImageObject","inLanguage":"it-IT","@id":"https:\/\/bo-co.it\/it\/#\/schema\/logo\/image\/","url":"https:\/\/bo-co.it\/wp-content\/uploads\/2025\/04\/boco-sharing-v1.jpg","contentUrl":"https:\/\/bo-co.it\/wp-content\/uploads\/2025\/04\/boco-sharing-v1.jpg","width":1200,"height":631,"caption":"Boco - Borsetto Consulting"},"image":{"@id":"https:\/\/bo-co.it\/it\/#\/schema\/logo\/image\/"}}]}},"_links":{"self":[{"href":"https:\/\/bo-co.it\/it\/wp-json\/wp\/v2\/pages\/847","targetHints":{"allow":["GET"]}}],"collection":[{"href":"https:\/\/bo-co.it\/it\/wp-json\/wp\/v2\/pages"}],"about":[{"href":"https:\/\/bo-co.it\/it\/wp-json\/wp\/v2\/types\/page"}],"author":[{"embeddable":true,"href":"https:\/\/bo-co.it\/it\/wp-json\/wp\/v2\/users\/1"}],"replies":[{"embeddable":true,"href":"https:\/\/bo-co.it\/it\/wp-json\/wp\/v2\/comments?post=847"}],"version-history":[{"count":0,"href":"https:\/\/bo-co.it\/it\/wp-json\/wp\/v2\/pages\/847\/revisions"}],"wp:featuredmedia":[{"embeddable":true,"href":"https:\/\/bo-co.it\/it\/wp-json\/wp\/v2\/media\/818"}],"wp:attachment":[{"href":"https:\/\/bo-co.it\/it\/wp-json\/wp\/v2\/media?parent=847"}],"curies":[{"name":"wp","href":"https:\/\/api.w.org\/{rel}","templated":true}]}}